{"id":1360,"date":"2020-03-15T13:43:48","date_gmt":"2020-03-15T17:43:48","guid":{"rendered":"http:\/\/laasuncion.gob.ec\/azuay\/?page_id=1360"},"modified":"2025-07-15T09:55:58","modified_gmt":"2025-07-15T13:55:58","slug":"noticias","status":"publish","type":"page","link":"https:\/\/laasuncion.gob.ec\/azuay\/noticias\/","title":{"rendered":"ENTREGA DE 7 MIL LITROS DE BIOL."},"content":{"rendered":"<p>&nbsp;<\/p>\n<p>&nbsp;<\/p>\n<p>&nbsp;<\/p>\n<p>&nbsp;<\/p>\n<p>&nbsp;<\/p>\n<p><img loading=\"lazy\" decoding=\"async\" class=\"aligncenter size-full wp-image-3776\" src=\"https:\/\/laasuncion.gob.ec\/azuay\/wp-content\/uploads\/2025\/07\/WhatsApp-Image-2025-07-14-at-15.48.34.jpeg\" alt=\"\" width=\"1131\" height=\"1600\" data-id=\"3776\" srcset=\"https:\/\/laasuncion.gob.ec\/azuay\/wp-content\/uploads\/2025\/07\/WhatsApp-Image-2025-07-14-at-15.48.34.jpeg 1131w, https:\/\/laasuncion.gob.ec\/azuay\/wp-content\/uploads\/2025\/07\/WhatsApp-Image-2025-07-14-at-15.48.34-55x78.jpeg 55w\" sizes=\"auto, (max-width: 1131px) 100vw, 1131px\" \/><\/p>\n<p>El GAD Parroquial de La Asunci\u00f3n conjuntamente con AgroAzuay invitan a toda la ciudadan\u00eda para la entrega de Abono org\u00e1nico Biol.<\/p>\n<p>El d\u00eda viernes 18 de julio del presente a\u00f1o a la 13h00 en el mercado parroquial.<\/p>\n<p>Se pide traer envases de 20 litro en adelante, para que puedan llevar el Biol.<\/p>\n","protected":false},"excerpt":{"rendered":"<p>&nbsp; &nbsp; &nbsp; &nbsp; &nbsp; El GAD Parroquial de La Asunci\u00f3n conjuntamente con AgroAzuay invitan a toda la ciudadan\u00eda para<\/p>\n","protected":false},"author":10,"featured_media":3776,"parent":0,"menu_order":0,"comment_status":"closed","ping_status":"closed","template":"","meta":{"footnotes":""},"class_list":["post-1360","page","type-page","status-publish","has-post-thumbnail","hentry"],"_links":{"self":[{"href":"https:\/\/laasuncion.gob.ec\/azuay\/wp-json\/wp\/v2\/pages\/1360","targetHints":{"allow":["GET"]}}],"collection":[{"href":"https:\/\/laasuncion.gob.ec\/azuay\/wp-json\/wp\/v2\/pages"}],"about":[{"href":"https:\/\/laasuncion.gob.ec\/azuay\/wp-json\/wp\/v2\/types\/page"}],"author":[{"embeddable":true,"href":"https:\/\/laasuncion.gob.ec\/azuay\/wp-json\/wp\/v2\/users\/10"}],"replies":[{"embeddable":true,"href":"https:\/\/laasuncion.gob.ec\/azuay\/wp-json\/wp\/v2\/comments?post=1360"}],"version-history":[{"count":6,"href":"https:\/\/laasuncion.gob.ec\/azuay\/wp-json\/wp\/v2\/pages\/1360\/revisions"}],"predecessor-version":[{"id":3779,"href":"https:\/\/laasuncion.gob.ec\/azuay\/wp-json\/wp\/v2\/pages\/1360\/revisions\/3779"}],"wp:featuredmedia":[{"embeddable":true,"href":"https:\/\/laasuncion.gob.ec\/azuay\/wp-json\/wp\/v2\/media\/3776"}],"wp:attachment":[{"href":"https:\/\/laasuncion.gob.ec\/azuay\/wp-json\/wp\/v2\/media?parent=1360"}],"curies":[{"name":"wp","href":"https:\/\/api.w.org\/{rel}","templated":true}]}}