{"id":1560,"date":"2020-04-14T21:27:58","date_gmt":"2020-04-15T01:27:58","guid":{"rendered":"http:\/\/laasuncion.gob.ec\/azuay\/?page_id=1560"},"modified":"2020-04-14T21:27:58","modified_gmt":"2020-04-15T01:27:58","slug":"valores-del-gad-de-la-asuncion","status":"publish","type":"page","link":"https:\/\/laasuncion.gob.ec\/azuay\/valores-del-gad-de-la-asuncion\/","title":{"rendered":"Valores del GAD de La Asunci\u00f3n"},"content":{"rendered":"<p><strong>1.1.1 Misi\u00f3n<\/strong><\/p>\n<p><strong>\u00a0<\/strong><\/p>\n<p>La parroquia de la Asunci\u00f3n, como un territorio que vive con servicios de calidad en agua potable, riego, alcantarillado, salud y educaci\u00f3n, donde se garantiza el acceso a la recreaci\u00f3n y un turismo sustentable.<\/p>\n<p><strong>\u00a0<\/strong><\/p>\n<p><strong>1.1.2 Visi\u00f3n<\/strong><\/p>\n<p><strong>\u00a0<\/strong><\/p>\n<p>Promover y ejecutar pol\u00edticas p\u00fablicas de desarrollo sustentables, establecidas en la Constituci\u00f3n y en el plan de desarrollo y ordenamiento territorial, que responda a las necesidades de los habitantes y de manera muy especial a los grupos prioritarios, para as\u00ed conseguir una mejor calidad de vida con la participaci\u00f3n de todos.<\/p>\n<p><strong>\u00a0<\/strong><\/p>\n<p><strong>1.1.3 Valores<\/strong><\/p>\n<p><strong>\u00a0<\/strong><\/p>\n<p>Nuestra organizaci\u00f3n cree en la \u00e9tica, la honestidad, la responsabilidad, el compromiso, la calidad humana, la igualdad de oportunidades y la capacitaci\u00f3n permanente para alcanza la excelencia en el servicio, para la colectividad en general de nuestra parroquia.<\/p>\n<p>\u00c9tica Profesional en cada servicio que se brinda a la comunidad, es un deber respetar la confianza que la comunidad deposita en nosotros.<\/p>\n<p>Honestidad, es importante para la instituci\u00f3n la honestidad ya que solo as\u00ed se trabaja mancomunadamente con todas las comunidades.<\/p>\n<p><strong>\u00a0<\/strong><\/p>\n<p><strong>1.1.3.1 Valores Corporativos: <\/strong><\/p>\n<p>&nbsp;<\/p>\n<p>&nbsp;<\/p>\n<p>Los valores corporativos consideran los siguientes comportamientos:<\/p>\n<p><strong>Vocaci\u00f3n de servicio<\/strong><\/p>\n<p>Damos respuesta a las necesidades de nuestros pobladores de nuestra parroquia de forma oportuna, amable y efectiva.<\/p>\n<p><strong>Transparencia<\/strong><\/p>\n<ul>\n<li>Hacemos uso adecuado y \u00f3ptimo de los recursos.<\/li>\n<li>Comunicamos de forma veraz y completa las actuaciones de la instituci\u00f3n.<\/li>\n<li>Construimos confianza a trav\u00e9s de relaciones claras y abiertas.<\/li>\n<\/ul>\n<p><strong>Respeto<\/strong><\/p>\n<ul>\n<li>Escuchamos a todos con atenci\u00f3n y valoramos sus aportes.<\/li>\n<li>Cumplimos integral y cabalmente con la normatividad.<\/li>\n<li>Cuidamos y preservamos al medio ambiente seg\u00fan nuestra competencia.<\/li>\n<\/ul>\n<p><strong>Responsabilidad<\/strong><\/p>\n<ul>\n<li>Cumplimos oportunamente nuestro compromiso de cobertura, continuidad y calidad del servicio.<\/li>\n<li>Impactamos positivamente en nuestro entorno.<\/li>\n<li>Promovemos la participaci\u00f3n comunitaria y llegamos a la poblaci\u00f3n m\u00e1s vulnerable.<\/li>\n<li>Damos siempre lo mejor de nosotros y asumimos las consecuencias de nuestros actos.<\/li>\n<\/ul>\n<p><strong>Excelencia en la gesti\u00f3n<\/strong><\/p>\n<ul>\n<li>Somos mejores todos los d\u00edas, trabajamos en equipo y aplicamos el mejoramiento continuo, a pesar de las diferentes opiniones pol\u00edticas dentro de los funcionarios<\/li>\n<li>Medimos los procesos y mejoramos la gesti\u00f3n con indicadores objetivos.<\/li>\n<li>Cumplimos las metas para satisfacci\u00f3n de los pobladores de la Parroquia.<\/li>\n<\/ul>\n<p><strong>\u00a0<\/strong><\/p>\n<p><strong>1.1.4 Principios<\/strong><\/p>\n<p><strong>\u00a0<\/strong><\/p>\n<p>La Junta Parroquial de La Asunci\u00f3n ejecuta su gesti\u00f3n p\u00fablica, bajo los principios de:<\/p>\n<p>&nbsp;<\/p>\n<ul>\n<li>Participaci\u00f3n e Inclusi\u00f3n comunitaria<\/li>\n<li>Solidaridad e Uni\u00f3n entre comunidades<\/li>\n<li>Principio de subsidiariedad y complementariedad comunitaria<\/li>\n<li>Corresponsabilidad de acciones en la parroquia La Asunci\u00f3n<\/li>\n<li>Fomentar y vigilar por la equidad territorial, de g\u00e9nero e inter-generacional.<\/li>\n<\/ul>\n<p>&nbsp;<\/p>\n","protected":false},"excerpt":{"rendered":"<p>1.1.1 Misi\u00f3n \u00a0 La parroquia de la Asunci\u00f3n, como un territorio que vive con servicios de calidad en agua potable,<\/p>\n","protected":false},"author":10,"featured_media":0,"parent":0,"menu_order":0,"comment_status":"closed","ping_status":"closed","template":"","meta":{"footnotes":""},"class_list":["post-1560","page","type-page","status-publish","hentry"],"_links":{"self":[{"href":"https:\/\/laasuncion.gob.ec\/azuay\/wp-json\/wp\/v2\/pages\/1560","targetHints":{"allow":["GET"]}}],"collection":[{"href":"https:\/\/laasuncion.gob.ec\/azuay\/wp-json\/wp\/v2\/pages"}],"about":[{"href":"https:\/\/laasuncion.gob.ec\/azuay\/wp-json\/wp\/v2\/types\/page"}],"author":[{"embeddable":true,"href":"https:\/\/laasuncion.gob.ec\/azuay\/wp-json\/wp\/v2\/users\/10"}],"replies":[{"embeddable":true,"href":"https:\/\/laasuncion.gob.ec\/azuay\/wp-json\/wp\/v2\/comments?post=1560"}],"version-history":[{"count":1,"href":"https:\/\/laasuncion.gob.ec\/azuay\/wp-json\/wp\/v2\/pages\/1560\/revisions"}],"predecessor-version":[{"id":1561,"href":"https:\/\/laasuncion.gob.ec\/azuay\/wp-json\/wp\/v2\/pages\/1560\/revisions\/1561"}],"wp:attachment":[{"href":"https:\/\/laasuncion.gob.ec\/azuay\/wp-json\/wp\/v2\/media?parent=1560"}],"curies":[{"name":"wp","href":"https:\/\/api.w.org\/{rel}","templated":true}]}}