{"id":2041,"date":"2021-06-16T12:39:42","date_gmt":"2021-06-16T16:39:42","guid":{"rendered":"http:\/\/laasuncion.gob.ec\/azuay\/?page_id=2041"},"modified":"2021-07-23T16:24:38","modified_gmt":"2021-07-23T20:24:38","slug":"informe-institucional","status":"publish","type":"page","link":"https:\/\/laasuncion.gob.ec\/azuay\/informe-institucional\/","title":{"rendered":"Rendici\u00f3n de Cuentas 2020 &#8211; Informe Institucional"},"content":{"rendered":"<p>&nbsp;<\/p>\n<div style=\"margin-top: 5px;\">\n<ul>\n<li><a style=\"font-family: clementepdacextralight; font-size: 15px;\" href=\"https:\/\/laasuncion.gob.ec\/azuay\/wp-content\/uploads\/2021\/06\/1-ENTREGA-DE-LA-DOCUMENTACION-PARA-RELEVANTE-DEL-ANO-20201.pdf\" target=\"_blank\" rel=\"noopener\">Entrega de la documentaci\u00f3n para relevante del A\u00f1o 2020<\/a><\/li>\n<\/ul>\n<\/div>\n<div style=\"margin-top: -20px;\">\n<ul>\n<li><a style=\"font-family: clementepdacextralight; font-size: 15px;\" href=\"https:\/\/laasuncion.gob.ec\/azuay\/wp-content\/uploads\/2021\/06\/2-INVITACIONES-A-A-REUNION-DE-LA-CONSULTA-CIUDADANA-ANO-2020.pdf\" target=\"_blank\" rel=\"noopener\">Invitaciones a reuni\u00f3n de la Consulta Ciudadana del A\u00f1o 2020<\/a><\/li>\n<\/ul>\n<\/div>\n<div style=\"margin-top: -20px;\">\n<ul>\n<li><a style=\"font-family: clementepdacextralight; font-size: 15px;\" href=\"https:\/\/laasuncion.gob.ec\/azuay\/wp-content\/uploads\/2021\/06\/3-FORMULACION-DE-CONSULTA-CIUDADANA-ANO-20201.pdf\" target=\"_blank\" rel=\"noopener\">Formulaci\u00f3n de Consulta Ciudadana<\/a><\/li>\n<\/ul>\n<\/div>\n<div style=\"margin-top: -20px;\">\n<ul>\n<li><a style=\"font-family: clementepdacextralight; font-size: 15px;\" href=\"https:\/\/laasuncion.gob.ec\/azuay\/wp-content\/uploads\/2021\/06\/4-ACTA-DE-LA-CONFORMACION-DEL-EQUIPO-MIXTO.pdf\" target=\"_blank\" rel=\"noopener\">Acta de la conformaci\u00f3n del Equipo Mixto<\/a><\/li>\n<\/ul>\n<\/div>\n<div style=\"margin-top: -20px;\">\n<ul>\n<li><a style=\"font-family: clementepdacextralight; font-size: 15px;\" href=\"https:\/\/laasuncion.gob.ec\/azuay\/wp-content\/uploads\/2021\/06\/1.-Invitacion-a-los-Sres.-Vocales-para-la-formacion-de-Consulta-Ciudadana.pdf\" target=\"_blank\" rel=\"noopener\">Invitaci\u00f3n a los Sres. Vocales para la formaci\u00f3n de Consulta Ciudadana<\/a><\/li>\n<\/ul>\n<\/div>\n<div style=\"margin-top: -20px;\">\n<ul>\n<li><a style=\"font-family: clementepdacextralight; font-size: 15px;\" href=\"https:\/\/laasuncion.gob.ec\/azuay\/wp-content\/uploads\/2021\/06\/ACTA-DE-APROBACION-DEL-INFORME-DE-RENDICION-DE-CUENTAS.pdf\" target=\"_blank\" rel=\"noopener\">Acta de aprobaci\u00f3n del Informe de Rendici\u00f3n de Cuentas<\/a><\/li>\n<\/ul>\n<\/div>\n<div style=\"margin-top: -20px;\">\n<ul>\n<li><a style=\"font-family: clementepdacextralight; font-size: 15px;\" href=\"https:\/\/laasuncion.gob.ec\/azuay\/wp-content\/uploads\/2021\/06\/RESPUESTAS-A-LAS-CONSULTAS-FORMULADAS-POR-LA-CIUDADANIA-SOBRE-LOS-PROYECTOS-REALIZADOS-EN-EL-ANO-2020368.pdf\" target=\"_blank\" rel=\"noopener\">Respuestas a las consultas formuladas por la Ciudadan\u00eda sobre los Proyectos realizados en el A\u00f1o 2020<\/a><\/li>\n<\/ul>\n<\/div>\n<div style=\"margin-top: -20px;\">\n<ul>\n<li><a style=\"font-family: clementepdacextralight; font-size: 15px;\" href=\"https:\/\/laasuncion.gob.ec\/azuay\/wp-content\/uploads\/2021\/06\/CONVOCATORIA-RENDICION-DE-CUENTAS-367.pdf\" target=\"_blank\" rel=\"noopener\">Convocatoria Rendici\u00f3n de Cuentas A\u00f1o 2020<\/a><\/li>\n<\/ul>\n<\/div>\n<div style=\"margin-top: -20px;\">\n<ul>\n<li><a style=\"font-family: clementepdacextralight; font-size: 15px;\" href=\"https:\/\/laasuncion.gob.ec\/azuay\/wp-content\/uploads\/2021\/06\/OFICIO-ENVIA-A-LA-COORDINACION-ZONAL-DE-SALUD.pdf\" target=\"_blank\" rel=\"noopener\">Oficio enviado a la Coordinaci\u00f3n Zonal de Salud<\/a><\/li>\n<\/ul>\n<\/div>\n<div style=\"margin-top: -20px;\">\n<ul>\n<li><a style=\"font-family: clementepdacextralight; font-size: 15px;\" href=\"https:\/\/laasuncion.gob.ec\/azuay\/wp-content\/uploads\/2021\/06\/CEDULAS-PRESUPUESTARIAS-DE-GASTOS-DEL-ANO-2020.pdf\" target=\"_blank\" rel=\"noopener\">Cedulas presupuestarias de gastos del A\u00f1o 2020<\/a><\/li>\n<\/ul>\n<\/div>\n<div style=\"margin-top: -20px;\">\n<ul>\n<li><a style=\"font-family: clementepdacextralight; font-size: 15px;\" href=\"https:\/\/laasuncion.gob.ec\/azuay\/wp-content\/uploads\/2021\/06\/formulario-Rendicion-de-Cuentas-inicial-La-Asuncion.xlsx\" target=\"_blank\" rel=\"noopener\">Formulario Rendici\u00f3n de Cuentas La Asunci\u00f3n 2020<\/a><\/li>\n<\/ul>\n<\/div>\n<div style=\"margin-top: -20px;\">\n<ul>\n<li><a style=\"font-family: clementepdacextralight; font-size: 15px;\" href=\"https:\/\/laasuncion.gob.ec\/azuay\/wp-content\/uploads\/2021\/06\/PRESENTACION-RENDICION-DE-CUENTAS-2020.pdf\" target=\"_blank\" rel=\"noopener\">Presentaci\u00f3n- RENDICION DE CUENTAS 2020<\/a><\/li>\n<\/ul>\n<\/div>\n<div style=\"margin-top: -20px;\">\n<ul>\n<li><a style=\"font-family: clementepdacextralight; font-size: 15px;\" href=\"https:\/\/laasuncion.gob.ec\/azuay\/wp-content\/uploads\/2021\/07\/ASISTENCIA-RENDICION-DE-CUENTAS-2020.pdf\" target=\"_blank\" rel=\"noopener\">Asistencia- RENDICION DE CUENTAS 2020<\/a><\/li>\n<\/ul>\n<\/div>\n","protected":false},"excerpt":{"rendered":"<p>&nbsp; Entrega de la documentaci\u00f3n para relevante del A\u00f1o 2020 Invitaciones a reuni\u00f3n de la Consulta Ciudadana del A\u00f1o 2020<\/p>\n","protected":false},"author":10,"featured_media":0,"parent":0,"menu_order":0,"comment_status":"closed","ping_status":"closed","template":"","meta":{"footnotes":""},"class_list":["post-2041","page","type-page","status-publish","hentry"],"_links":{"self":[{"href":"https:\/\/laasuncion.gob.ec\/azuay\/wp-json\/wp\/v2\/pages\/2041","targetHints":{"allow":["GET"]}}],"collection":[{"href":"https:\/\/laasuncion.gob.ec\/azuay\/wp-json\/wp\/v2\/pages"}],"about":[{"href":"https:\/\/laasuncion.gob.ec\/azuay\/wp-json\/wp\/v2\/types\/page"}],"author":[{"embeddable":true,"href":"https:\/\/laasuncion.gob.ec\/azuay\/wp-json\/wp\/v2\/users\/10"}],"replies":[{"embeddable":true,"href":"https:\/\/laasuncion.gob.ec\/azuay\/wp-json\/wp\/v2\/comments?post=2041"}],"version-history":[{"count":40,"href":"https:\/\/laasuncion.gob.ec\/azuay\/wp-json\/wp\/v2\/pages\/2041\/revisions"}],"predecessor-version":[{"id":2362,"href":"https:\/\/laasuncion.gob.ec\/azuay\/wp-json\/wp\/v2\/pages\/2041\/revisions\/2362"}],"wp:attachment":[{"href":"https:\/\/laasuncion.gob.ec\/azuay\/wp-json\/wp\/v2\/media?parent=2041"}],"curies":[{"name":"wp","href":"https:\/\/api.w.org\/{rel}","templated":true}]}}