{"id":3141,"date":"2022-05-03T21:45:37","date_gmt":"2022-05-04T01:45:37","guid":{"rendered":"https:\/\/laasuncion.gob.ec\/azuay\/?page_id=3141"},"modified":"2022-05-28T13:39:11","modified_gmt":"2022-05-28T17:39:11","slug":"informe-institucional-2","status":"publish","type":"page","link":"https:\/\/laasuncion.gob.ec\/azuay\/informe-institucional-2\/","title":{"rendered":"Rendici\u00f3n de Cuentas 2021 &#8211; Informe Institucional"},"content":{"rendered":"<p>&nbsp;<\/p>\n<div style=\"margin-top: 5px;\">\n<ul>\n<li style=\"font-family: clementepdacextralight; font-size: 15px;\"><a href=\"https:\/\/laasuncion.gob.ec\/azuay\/wp-content\/uploads\/2022\/05\/1_Invitacion_018.pdf\" target=\"_blank\" rel=\"noopener\">Invitaci\u00f3n N\u00ba 018<\/a><\/li>\n<\/ul>\n<\/div>\n<div style=\"margin-top: -20px;\">\n<ul>\n<li style=\"font-family: clementepdacextralight; font-size: 15px;\"><a href=\"https:\/\/laasuncion.gob.ec\/azuay\/wp-content\/uploads\/2022\/05\/1_Proyecto_Biofisico.pdf\" target=\"_blank\" rel=\"noopener\">Proyecto Biof\u00edsico<\/a><\/li>\n<\/ul>\n<\/div>\n<div style=\"margin-top: -20px;\">\n<ul>\n<li style=\"font-family: clementepdacextralight; font-size: 15px;\"><a href=\"https:\/\/laasuncion.gob.ec\/azuay\/wp-content\/uploads\/2022\/05\/2_Componente_Socio_Cultural.pdf\" target=\"_blank\" rel=\"noopener\">Componente Socio Cultural<\/a><\/li>\n<\/ul>\n<\/div>\n<div style=\"margin-top: -20px;\">\n<ul>\n<li style=\"font-family: clementepdacextralight; font-size: 15px;\"><a href=\"https:\/\/laasuncion.gob.ec\/azuay\/wp-content\/uploads\/2022\/05\/2_Entrega_de_Informacion.pdf\" target=\"_blank\" rel=\"noopener\">Entrega de Informaci\u00f3n<\/a><\/li>\n<\/ul>\n<\/div>\n<div style=\"margin-top: -20px;\">\n<ul>\n<li style=\"font-family: clementepdacextralight; font-size: 15px;\"><a href=\"https:\/\/laasuncion.gob.ec\/azuay\/wp-content\/uploads\/2022\/05\/3-Asistencia_021.pdf\" target=\"_blank\" rel=\"noopener\">Asistencia N\u00ba 021<\/a><\/li>\n<\/ul>\n<\/div>\n<div style=\"margin-top: -20px;\">\n<ul>\n<li style=\"font-family: clementepdacextralight; font-size: 15px;\"><a href=\"https:\/\/laasuncion.gob.ec\/azuay\/wp-content\/uploads\/2022\/05\/4-ACTA-DE-CONFORMACION-DEL-EQUIPO-TECNICO-020.pdf\" target=\"_blank\" rel=\"noopener\">Acta de Conformaci\u00f3n del Equipo T\u00e9cnico N\u00ba 020<\/a><\/li>\n<\/ul>\n<\/div>\n<div style=\"margin-top: -20px;\">\n<ul>\n<li style=\"font-family: clementepdacextralight; font-size: 15px;\"><a href=\"https:\/\/laasuncion.gob.ec\/azuay\/wp-content\/uploads\/2022\/05\/5-Entrega-de-las-preguntas-de-la-ciudadania.pdf\" target=\"_blank\" rel=\"noopener\">Entrega de las preguntas de la Ciudadania<\/a><\/li>\n<\/ul>\n<\/div>\n<div style=\"margin-top: -20px;\">\n<ul>\n<li style=\"font-family: clementepdacextralight; font-size: 15px;\"><a href=\"https:\/\/laasuncion.gob.ec\/azuay\/wp-content\/uploads\/2022\/05\/6-ENTREGA-DE-PREGUNTAS-DE-LA-CONSULTA-CIUDADANA.pdf\" target=\"_blank\" rel=\"noopener\">Entrega de preguntas de la Consulta Ciudadana<\/a><\/li>\n<\/ul>\n<\/div>\n<div style=\"margin-top: -20px;\">\n<ul>\n<li style=\"font-family: clementepdacextralight; font-size: 15px;\"><a href=\"https:\/\/laasuncion.gob.ec\/azuay\/wp-content\/uploads\/2022\/04\/banner_re_2021.png\" target=\"_blank\" rel=\"noopener\" rel=\"lightbox[3180]\">Invitaci\u00f3n rendici\u00f3n de cuentas<\/a><\/li>\n<\/ul>\n<\/div>\n<div style=\"margin-top: -20px;\">\n<ul>\n<li style=\"font-family: clementepdacextralight; font-size: 15px;\"><a href=\"https:\/\/laasuncion.gob.ec\/azuay\/wp-content\/uploads\/2022\/05\/8-FIRMAS-DE-ASISTENCIA-AL-EVENTO-DE-RENDICION-DE-CUENTAS.pdf\" target=\"_blank\" rel=\"noopener\">Firmas de asistencia al Evento de Rendici\u00f3n de Cuentas<\/a><\/li>\n<\/ul>\n<\/div>\n<div style=\"margin-top: -20px;\">\n<ul>\n<li style=\"font-family: clementepdacextralight; font-size: 15px;\"><a href=\"https:\/\/youtu.be\/KBd1c1AQDU8\" target=\"_blank\" rel=\"noopener\">Informe de Rendici\u00f3n de Cuentas Final<\/a><\/li>\n<\/ul>\n<\/div>\n<div style=\"margin-top: -20px;\">\n<ul>\n<li style=\"font-family: clementepdacextralight; font-size: 15px;\"><a href=\"https:\/\/laasuncion.gob.ec\/azuay\/wp-content\/uploads\/2022\/05\/9-REGISTRO-FOTOGRAFICO-DEL-EVENTO-DE-RENDICION-DE-CUENTAS-2021.pdf\" target=\"_blank\" rel=\"noopener\">Registro fotogr\u00e1fico del evento de Rendici\u00f3n de Cuentas 2021<\/a><\/li>\n<\/ul>\n<\/div>\n<div style=\"margin-top: -20px;\">\n<ul>\n<li style=\"font-family: clementepdacextralight; font-size: 15px;\"><a href=\"https:\/\/laasuncion.gob.ec\/azuay\/wp-content\/uploads\/2022\/05\/ACTA-DE-ENTREGA-DEFINITIVA-ASUNCION-1.pdf\" target=\"_blank\" rel=\"noopener\">Acta de Entrega &#8211; Recepci\u00f3n definitiva<\/a><\/li>\n<\/ul>\n<\/div>\n<div style=\"margin-top: -10px;\">\n\t\t\t\t\t\t<style>\r\n\t\t\t\t<style>\r\n#wpsm_accordion_3180 .wpsm_panel-heading{\r\n\tpadding:0px !important;\r\n}\r\n#wpsm_accordion_3180 .wpsm_panel-title {\r\n\tmargin:0px !important; \r\n\ttext-transform:none !important;\r\n\tline-height: 1 !important;\r\n}\r\n#wpsm_accordion_3180 .wpsm_panel-title a{\r\n\ttext-decoration:none;\r\n\toverflow:hidden;\r\n\tdisplay:block;\r\n\tpadding:0px;\r\n\tfont-size: 18px !important;\r\n\tfont-family: Open Sans !important;\r\n\tcolor:#000000 !important;\r\n\tborder-bottom:0px !important;\r\n}\r\n\r\n#wpsm_accordion_3180 .wpsm_panel-title a:focus {\r\noutline: 0px !important;\r\n}\r\n\r\n#wpsm_accordion_3180 .wpsm_panel-title a:hover, #wpsm_accordion_3180 .wpsm_panel-title a:focus {\r\n\tcolor:#000000 !important;\r\n}\r\n#wpsm_accordion_3180 .acc-a{\r\n\tcolor: #000000 !important;\r\n\tbackground-color:#e8e8e8 !important;\r\n\tborder-color: #ddd;\r\n}\r\n#wpsm_accordion_3180 .wpsm_panel-default > .wpsm_panel-heading{\r\n\tcolor: #000000 !important;\r\n\tbackground-color: #e8e8e8 !important;\r\n\tborder-color: #e8e8e8 !important;\r\n\tborder-top-left-radius: 0px;\r\n\tborder-top-right-radius: 0px;\r\n}\r\n#wpsm_accordion_3180 .wpsm_panel-default {\r\n\t\tborder:0px solid transparent !important;\r\n\t}\r\n#wpsm_accordion_3180 {\r\n\tmargin-bottom: 20px;\r\n\toverflow: hidden;\r\n\tfloat: none;\r\n\twidth: 100%;\r\n\tdisplay: block;\r\n}\r\n#wpsm_accordion_3180 .ac_title_class{\r\n\tdisplay: block;\r\n\tpadding-top: 12px;\r\n\tpadding-bottom: 12px;\r\n\tpadding-left: 15px;\r\n\tpadding-right: 15px;\r\n}\r\n#wpsm_accordion_3180  .wpsm_panel {\r\n\toverflow:hidden;\r\n\t-webkit-box-shadow: 0 0px 0px rgba(0, 0, 0, .05);\r\n\tbox-shadow: 0 0px 0px rgba(0, 0, 0, .05);\r\n\t\t\tborder-radius: 0px;\r\n\t}\r\n#wpsm_accordion_3180  .wpsm_panel + .wpsm_panel {\r\n\t\tmargin-top: 0px;\r\n\t}\r\n#wpsm_accordion_3180  .wpsm_panel-body{\r\n\tbackground-color:#ffffff !important;\r\n\tcolor:#000000 !important;\r\n\tborder-top-color: #e8e8e8 !important;\r\n\tfont-size:16px !important;\r\n\tfont-family: Open Sans !important;\r\n\toverflow: hidden;\r\n\t\tborder: 2px solid transparent !important;\r\n\t}\r\n\r\n#wpsm_accordion_3180 .ac_open_cl_icon{\r\n\tbackground-color:#e8e8e8 !important;\r\n\tcolor: #000000 !important;\r\n\tfloat:left !important;\r\n\tpadding-top: 12px !important;\r\n\tpadding-bottom: 12px !important;\r\n\tline-height: 1.0 !important;\r\n\tpadding-left: 15px !important;\r\n\tpadding-right: 15px !important;\r\n\tdisplay: inline-block !important;\r\n}\r\n\r\n\t\t\t #wpsm_accordion_3180 .wpsm_panel-heading {\r\n\t\t\t\tbackground-image: url(https:\/\/laasuncion.gob.ec\/azuay\/wp-content\/plugins\/responsive-accordion-and-collapse\/img\/style-soft.png);\r\n\t\t\t\tbackground-position: 0 0;\r\n\t\t\t\tbackground-repeat: repeat-x;\r\n\t\t\t}\r\n\t\t\t#wpsm_accordion_3180 .ac_open_cl_icon{\r\n\t\t\t\tbackground-image: url(https:\/\/laasuncion.gob.ec\/azuay\/wp-content\/plugins\/responsive-accordion-and-collapse\/img\/style-soft.png);\r\n\t\t\t\tbackground-position: 0 0;\r\n\t\t\t\tbackground-repeat: repeat-x;\r\n\t\t\t}\r\n\t\t\t#wpsm_accordion_3180 .wpsm_panel-default .wpsm_panel-heading {\r\n  color: #000000 !important;\r\n  background: none !important;\r\n  border-color: #e8e8e8 !important;\r\n  border-top-left-radius: 0px;\r\n  border-top-right-radius: 0px;\r\n  padding: 0px !important;\r\n}\r\n#wpsm_accordion_3180 .wpsm_panel-heading {\r\n  \r\n  background: #fff !important;\r\n  \r\n}\r\n\r\n#wpsm_accordion_3180 .ac_title_class {\r\n  display: block;\r\n  padding-top: 2px;\r\n  padding-bottom: 15px;\r\n  padding-left: 15px;\r\n  padding-right: 15px;\r\n  font-size: 16px;\r\n  font-weight: normal;\r\ncolor: #62a836;\r\nfont-family: clementepdacextralight;\r\n}\r\n\r\n#wpsm_accordion_3180 .wpsm_panel-title {\r\n  margin: 0px !important;\r\n  text-transform: none !important;\r\n  line-height: 1 !important;\r\n  padding: 0px;\r\n}\r\n#wpsm_accordion_3180 .ac_open_cl_icon {\r\n  background: #62a836 !important;\r\n  background-position: 0 0;\r\n  background-repeat: repeat-x;\r\n  margin-right: 10px;\r\n  margin-left: 20px;\r\n}\r\n#wpsm_accordion_3180 .ac_open_cl_icon {\r\n  background-color: #62a836 !important;\r\n  color: #fff !important;\r\n  float: left !important;\r\n  padding-top: 4px !important;\r\n  padding-bottom: 4px !important;\r\n  line-height: 1.0 !important;\r\n  padding-left: 4px !important;\r\n  padding-right: 4px !important;\r\n  display: inline-block !important;\r\n  font-size: 10px;\r\n}\r\n\r\n#wpsm_accordion_3180 .wpsm_panel-body {\r\n  background-color: #ffffff !important;\r\n  color: #000000 !important;\r\n  border-top-color: #e8e8e8 !important;\r\n  font-size: 16px !important;\r\n  font-family: Open Sans !important;\r\n  overflow: hidden;\r\n  border: 2px solid transparent !important;\r\n  padding-bottom: 0px;\r\n}<\/style>\t\r\n\t\t\t<\/style>\r\n\t\t\t<div class=\"wpsm_panel-group\" id=\"wpsm_accordion_3180\" >\r\n\t\t\t\t\t\t\t\t\r\n\t\t\t\t\t<!-- Inner panel Start -->\r\n\t\t\t\t\t<div class=\"wpsm_panel wpsm_panel-default\">\r\n\t\t\t\t\t\t<div class=\"wpsm_panel-heading\" role=\"tab\" >\r\n\t\t\t\t\t\t  <h4 class=\"wpsm_panel-title\">\r\n\t\t\t\t\t\t\t<a  class=\"\"  data-toggle=\"collapse\" data-parent=\"#wpsm_accordion_3180 \" href=\"javascript:void(0)\" data-target=\"#ac_3180_collapse1\" onclick=\"do_resize()\">\r\n\t\t\t\t\t\t\t\t\t\t\t\t\t\t\t\t\t<span class=\"ac_open_cl_icon fa fa-plus\"><\/span>\r\n\t\t\t\t\t\t\t\t\t\r\n\t\t\t\t\t\t\t\t \r\n\t\t\t\t\t\t\t\t<span class=\"ac_title_class\">\r\n\t\t\t\t\t\t\t\t\tPARTIDAS PRESUPUESTARIAS 2021\t\t\t\t\t\t\t\t<\/span>\r\n\t\t\t\t\t\t\t<\/a>\r\n\t\t\t\t\t\t  <\/h4>\r\n\t\t\t\t\t\t<\/div>\r\n\t\t\t\t\t\t<div id=\"ac_3180_collapse1\" class=\"wpsm_panel-collapse collapse \"  >\r\n\t\t\t\t\t\t  <div class=\"wpsm_panel-body\">\r\n\t\t\t\t\t\t\t<div style=\"margin-top: -18px;  font-family: clementepdacextralight; font-size: 15px; margin-left: 29px;\">\r\n<a>CEDULA PRESUPUESTARIAS INGRESOS Y GASTOS  ANUALES<\/a>\r\n<\/div>\r\n<div style=\"margin-top: 7px;\">\r\n<ul>\r\n \t<li style=\"font-family: clementepdacextralight; font-size: 15px; margin-left: 7px;\"><a href=\"https:\/\/laasuncion.gob.ec\/azuay\/wp-content\/uploads\/2022\/05\/cedulagastos2021.pdf\" target=\"_blank\" rel=\"noopener\">Cedula Gastos 2021<\/a><\/li>\r\n<\/ul>\r\n<\/div>\r\n\r\n<div style=\"margin-top: -25px;\">\r\n<ul>\r\n \t<li style=\"font-family: clementepdacextralight; font-size: 15px; margin-left: 7px;\"><a href=\"https:\/\/laasuncion.gob.ec\/azuay\/wp-content\/uploads\/2022\/05\/cedulaingresos2021.pdf\" target=\"_blank\" rel=\"noopener\">Cedula Ingresos 2021<\/a><\/li>\r\n<\/ul>\r\n<\/div>\r\n<div style=\"margin-top: -20px;  font-family: clementepdacextralight; font-size: 15px; margin-left: 29px;\">\r\n<a>CEDULA PRESUPUESTARIAS POR PROYECTO<\/a>\r\n<\/div>\r\n<div style=\"margin-top: 7px;\">\r\n<ul>\r\n \t<li style=\"font-family: clementepdacextralight; font-size: 15px; margin-left: 7px;\"><a href=\"https:\/\/laasuncion.gob.ec\/azuay\/wp-content\/uploads\/2022\/05\/cedulagastos2011consolidado-2021.pdf\" target=\"_blank\" rel=\"noopener\">Proyecto 1 Atenci\u00f3n Grupos Prioritario<\/a><\/li>\r\n<\/ul>\r\n<\/div>\r\n<div style=\"margin-top: -25px;\">\r\n<ul>\r\n \t<li style=\"font-family: clementepdacextralight; font-size: 15px; margin-left: 7px;\"><a href=\"https:\/\/laasuncion.gob.ec\/azuay\/wp-content\/uploads\/2022\/05\/cedulagastos2011consolidado.pdf\" target=\"_blank\" rel=\"noopener\">Proyecto 2 Rescatando Culturas<\/a><\/li>\r\n<\/ul>\r\n<\/div>\r\n<div style=\"margin-top: -25px;\">\r\n<ul>\r\n \t<li style=\"font-family: clementepdacextralight; font-size: 15px; margin-left: 7px;\"><a href=\"https:\/\/laasuncion.gob.ec\/azuay\/wp-content\/uploads\/2022\/05\/cedulagastos2011consolidado-2021-1.pdf\" target=\"_blank\" rel=\"noopener\">Proyecto 3 Productivo<\/a><\/li>\r\n<\/ul>\r\n<\/div>\r\n<div style=\"margin-top: -25px;\">\r\n<ul>\r\n \t<li style=\"font-family: clementepdacextralight; font-size: 15px; margin-left: 7px;\"><a href=\"https:\/\/laasuncion.gob.ec\/azuay\/wp-content\/uploads\/2022\/05\/cedulagastos2011consolidado-1.pdf\" target=\"_blank\" rel=\"noopener\">Proyecto 4 Mantenimiento Espacios P\u00fablicos<\/a><\/li>\r\n<\/ul>\r\n<\/div>\r\n<div style=\"margin-top: -25px;\">\r\n<ul>\r\n \t<li style=\"font-family: clementepdacextralight; font-size: 15px; margin-left: 7px;\"><a href=\"https:\/\/laasuncion.gob.ec\/azuay\/wp-content\/uploads\/2022\/05\/cedulagastos2011consolidado-2.pdf\" target=\"_blank\" rel=\"noopener\">Proyecto 5 Readecuaci\u00f3n Espacio P\u00fablicos<\/a><\/li>\r\n<\/ul>\r\n<\/div>\r\n<div style=\"margin-top: -25px;\">\r\n<ul><li style=\"font-family: clementepdacextralight; font-size: 15px; margin-left: 7px;\"><a href=\"https:\/\/laasuncion.gob.ec\/azuay\/wp-content\/uploads\/2022\/05\/cedulagastos2011consolidado-3.pdf\" target=\"_blank\" rel=\"noopener\">Proyecto 6 Readecuaci\u00f3n Casa Comunales<\/a><\/li>\r\n<\/ul><\/div>\r\n<div style=\"margin-top: -25px;\">\r\n<ul><li style=\"font-family: clementepdacextralight; font-size: 15px; margin-left: 7px;\"><a href=\"https:\/\/laasuncion.gob.ec\/azuay\/wp-content\/uploads\/2022\/05\/cedulagastos2011consolidado-4.pdf\" target=\"_blank\" rel=\"noopener\">Proyecto 7 Mantenimiento Vial Rutinario<\/a><\/li>\r\n<\/ul><\/div>\r\n<div style=\"margin-top: -25px;\">\r\n<ul><li style=\"font-family: clementepdacextralight; font-size: 15px; margin-left: 7px;\"><a href=\"https:\/\/laasuncion.gob.ec\/azuay\/wp-content\/uploads\/2022\/05\/cedulagastos2021consolidado.pdf\" target=\"_blank\" rel=\"noopener\">Proyecto 8 Mantenimiento Vial Nivel Lastre<\/a><\/li>\r\n<\/ul><\/div>\r\n<div style=\"margin-top: -25px;\">\r\n<ul><li style=\"font-family: clementepdacextralight; font-size: 15px; margin-left: 7px;\"><a href=\"https:\/\/laasuncion.gob.ec\/azuay\/wp-content\/uploads\/2022\/05\/cedulagastos2011consolidado-5.pdf\" target=\"_blank\" rel=\"noopener\">Proyecto 9 Tuber\u00eda Sistema Riego<\/a><\/li>\r\n<\/ul><\/div>\r\n<div style=\"margin-top: -25px;\">\r\n<ul><li style=\"font-family: clementepdacextralight; font-size: 15px; margin-left: 7px;\"><a href=\"https:\/\/laasuncion.gob.ec\/azuay\/wp-content\/uploads\/2022\/05\/cedulagastos2011consolidado-6.pdf\" target=\"_blank\" rel=\"noopener\">Proyecto 10 Consultor\u00eda Vida San Fernando<\/a><\/li>\r\n<\/ul><\/div>\r\n<div style=\"margin-top: -25px;\">\r\n<ul><li style=\"font-family: clementepdacextralight; font-size: 15px; margin-left: 7px;\"><a href=\"https:\/\/laasuncion.gob.ec\/azuay\/wp-content\/uploads\/2022\/05\/cedulagastos2011consolidado-7.pdf\" target=\"_blank\" rel=\"noopener\">Proyecto 11 PDOT<\/a><\/li>\r\n<\/ul><\/div>\r\n\t\t\t\t\t\t  <\/div>\r\n\t\t\t\t\t\t<\/div>\r\n\t\t\t\t\t<\/div>\r\n\t\t\t\t\t<!-- Inner panel End -->\r\n\t\t\t\t\t\r\n\t\t\t\t\t\t\t\t\r\n\t\t\t\t\t<!-- Inner panel Start -->\r\n\t\t\t\t\t<div class=\"wpsm_panel wpsm_panel-default\">\r\n\t\t\t\t\t\t<div class=\"wpsm_panel-heading\" role=\"tab\" >\r\n\t\t\t\t\t\t  <h4 class=\"wpsm_panel-title\">\r\n\t\t\t\t\t\t\t<a  class=\"collapsed\"  data-toggle=\"collapse\" data-parent=\"#wpsm_accordion_3180 \" href=\"javascript:void(0)\" data-target=\"#ac_3180_collapse2\" onclick=\"do_resize()\">\r\n\t\t\t\t\t\t\t\t\t\t\t\t\t\t\t\t\t<span class=\"ac_open_cl_icon fa fa-plus\"><\/span>\r\n\t\t\t\t\t\t\t\t\t\r\n\t\t\t\t\t\t\t\t \r\n\t\t\t\t\t\t\t\t<span class=\"ac_title_class\">\r\n\t\t\t\t\t\t\t\t\tPROYECTOS 2021\t\t\t\t\t\t\t\t<\/span>\r\n\t\t\t\t\t\t\t<\/a>\r\n\t\t\t\t\t\t  <\/h4>\r\n\t\t\t\t\t\t<\/div>\r\n\t\t\t\t\t\t<div id=\"ac_3180_collapse2\" class=\"wpsm_panel-collapse collapse \"  >\r\n\t\t\t\t\t\t  <div class=\"wpsm_panel-body\">\r\n\t\t\t\t\t\t\t<div style=\"margin-top: -15px;\">\r\n<ul><li style=\"font-family: clementepdacextralight; font-size: 15px; margin-left: 7px;\"><a href=\"https:\/\/laasuncion.gob.ec\/azuay\/wp-content\/uploads\/2022\/05\/1PROYECTO-BIOFISICO.pdf\" target=\"_blank\" rel=\"noopener\">1.  Proyecto Biof\u00edsico<\/a><\/li>\r\n<\/ul><\/div>\r\n\r\n<div style=\"margin-top: -25px;\">\r\n<ul><li style=\"font-family: clementepdacextralight; font-size: 15px; margin-left: 7px;\"><a href=\"https:\/\/laasuncion.gob.ec\/azuay\/wp-content\/uploads\/2022\/05\/2-SOCIAL-PROYECTO-ATENCION-A-GRUPOS-PRIORITARIO.pdf\" target=\"_blank\" rel=\"noopener\">2.  Social -  Proyecto Atenci\u00f3n a Grupos Prioritario<\/a><\/li><\/ul><\/div>\r\n\r\n<div style=\"margin-top: -25px;\">\r\n<ul><li style=\"font-family: clementepdacextralight; font-size: 15px; margin-left: 7px;\"><a href=\"https:\/\/laasuncion.gob.ec\/azuay\/wp-content\/uploads\/2022\/05\/2.1-SOCIAL-PROYECTO-RESCATANDO-CULTURAS-EN-HONOR.pdf\" target=\"_blank\" rel=\"noopener\">2.1 Social -  Proyecto Rescatando Culturas en Honor<\/a><\/li><\/ul><\/div>\r\n\r\n<div style=\"margin-top: -25px;\">\r\n<ul><li style=\"font-family: clementepdacextralight; font-size: 15px; margin-left: 7px;\"><a href=\"https:\/\/laasuncion.gob.ec\/azuay\/wp-content\/uploads\/2022\/05\/3-ECONOMICO-PRODUCTIVO-PROYECTO-TUBERIA-PARA-LOS-SISTEMA-DE-RIEGO.pdf\" target=\"_blank\" rel=\"noopener\">3. Econ\u00f3mico Productivo  -  Proyecto Tuber\u00eda  para los Sistema de Riego<\/a><\/li><\/ul><\/div>\r\n\r\n<div style=\"margin-top: -25px;\">\r\n<ul><li style=\"font-family: clementepdacextralight; font-size: 15px; margin-left: 7px;\"><a href=\"https:\/\/laasuncion.gob.ec\/azuay\/wp-content\/uploads\/2022\/05\/3.1-ECONOMICO-PRODUCTIVO-PROYECTO-PRODUCTIVO.pdf\" target=\"_blank\" rel=\"noopener\">3.1 Econ\u00f3mico Productivo  -  Proyecto Productivo<\/a><\/li><\/ul><\/div>\r\n\r\n<div style=\"margin-top: -25px;\">\r\n<ul><li style=\"font-family: clementepdacextralight; font-size: 15px; margin-left: 7px;\"><a href=\"https:\/\/laasuncion.gob.ec\/azuay\/wp-content\/uploads\/2022\/05\/4-ASENTAMIENTOS-HUMANOS-PROYECTO-MANTENIMIENTO-Y-EMBELLECIMIENTO.pdf\" target=\"_blank\" rel=\"noopener\">4.  Asentamientos Humanos  -  Proyecto Mantenimiento  y Embellecimiento<\/a><\/li><\/ul><\/div>\r\n\r\n<div style=\"margin-top: -25px;\">\r\n<ul><li style=\"font-family: clementepdacextralight; font-size: 15px; margin-left: 7px;\"><a href=\"https:\/\/laasuncion.gob.ec\/azuay\/wp-content\/uploads\/2022\/05\/4.1-ASENTAMIENTOS-HUMANOS-PROYECTO-MANTENIMIENTO-Y-READECUACION.pdf\" target=\"_blank\" rel=\"noopener\">4.1 Asentamientos Humanos  -  Proyecto Mantenimiento y Readecuaci\u00f3n<\/a><\/li><\/ul><\/div>\r\n\r\n<div style=\"margin-top: -25px;\">\r\n<ul><li style=\"font-family: clementepdacextralight; font-size: 15px; margin-left: 7px;\"><a href=\"https:\/\/laasuncion.gob.ec\/azuay\/wp-content\/uploads\/2022\/05\/4.2-ASENTAMIENTOS-HUMANOS-PROYECTO-MANTENIMIENTO-Y-READECUACION-DE-CASAS-COMUNALES.pdf\" target=\"_blank\" rel=\"noopener\">4.2 Asentamientos Humanos  -  Proyecto Mantenimiento y Readecuaci\u00f3n de Casas Comunales<\/a><\/li><\/ul><\/div>\r\n\r\n<div style=\"margin-top: -25px;\">\r\n<ul><li style=\"font-family: clementepdacextralight; font-size: 15px; margin-left: 7px;\"><a href=\"https:\/\/laasuncion.gob.ec\/azuay\/wp-content\/uploads\/2022\/05\/5-ASENTAMIENTOS-HUMANOS-VIALIDAD-PROYECTO-MANTENIMIENTO-VIAL-RUTINARIO.pdf\" target=\"_blank\" rel=\"noopener\">5. Asentamientos Humanos Vialidad  -  Proyecto Mantenimiento Vial Rutinario<\/a><\/li><\/ul><\/div>\r\n\r\n<div style=\"margin-top: -25px;\">\r\n<ul><li style=\"font-family: clementepdacextralight; font-size: 15px; margin-left: 7px;\"><a href=\"https:\/\/laasuncion.gob.ec\/azuay\/wp-content\/uploads\/2022\/05\/5.1-ASENTAMIENTOS-HUMANOS-VIALIDAD-PROYECTO-MANTENIMIENTO-VIAL-A-NIVEL-DE-LASTRE.pdf\" target=\"_blank\" rel=\"noopener\">5.1  Asentamientos Humanos Vialidad  -  Proyecto Mantenimiento Vial a Nivel de Lastre<\/a><\/li><\/ul><\/div>\r\n\r\n<div style=\"margin-top: -25px;\">\r\n<ul><li style=\"font-family: clementepdacextralight; font-size: 15px; margin-left: 7px;\"><a href=\"https:\/\/laasuncion.gob.ec\/azuay\/wp-content\/uploads\/2022\/05\/5.2-ASENTAMIENTOS-HUMANOS-VIALIDAD-PROYECTO-CONSULTORIA-VIA-ASUNCION-SAN-FERNANDO.pdf\" target=\"_blank\" rel=\"noopener\">5.2  Asentamientos Humanos Vialidad  -  Proyecto Consultor\u00eda v\u00eda Asunci\u00f3n San Fernando<\/a><\/li><\/ul><\/div>\r\n\r\n<div style=\"margin-top: -25px;\">\r\n<ul><li style=\"font-family: clementepdacextralight; font-size: 15px; margin-left: 7px;\"><a href=\"https:\/\/laasuncion.gob.ec\/azuay\/wp-content\/uploads\/2022\/05\/6-POLITICO-INSTITUCIONAL-PROYECTO-ACTUALIZACION-DEL-PDOT-PARROQUIAL.pdf\" target=\"_blank\" rel=\"noopener\">6. Pol\u00edtico Institucional  -  Proyecto Actualizaci\u00f3n del PDOT Parroquial<\/a><\/li><\/ul><\/div>\t\t\t\t\t\t  <\/div>\r\n\t\t\t\t\t\t<\/div>\r\n\t\t\t\t\t<\/div>\r\n\t\t\t\t\t<!-- Inner panel End -->\r\n\t\t\t\t\t\r\n\t\t\t\t\t\t\t<\/div>\r\n\t\t\t\r\n<script type=\"text\/javascript\">\r\n\t\r\n\t\tfunction do_resize(){\r\n\r\n\t\t\tvar width=jQuery( '.wpsm_panel .wpsm_panel-body iframe' ).width();\r\n\t\t\tvar height=jQuery( '.wpsm_panel .wpsm_panel-body iframe' ).height();\r\n\r\n\t\t\tvar toggleSize = true;\r\n\t\t\tjQuery('iframe').animate({\r\n\t\t\t    width: toggleSize ? width : 640,\r\n\t\t\t    height: toggleSize ? height : 360\r\n\t\t\t  }, 250);\r\n\r\n\t\t\t  toggleSize = !toggleSize;\r\n\t\t}\r\n\t\t\r\n<\/script>\t\n<\/div>\n","protected":false},"excerpt":{"rendered":"<p>&nbsp; Invitaci\u00f3n N\u00ba 018 Proyecto Biof\u00edsico Componente Socio Cultural Entrega de Informaci\u00f3n Asistencia N\u00ba 021 Acta de Conformaci\u00f3n del Equipo<\/p>\n","protected":false},"author":10,"featured_media":0,"parent":0,"menu_order":0,"comment_status":"closed","ping_status":"closed","template":"","meta":{"footnotes":""},"class_list":["post-3141","page","type-page","status-publish","hentry"],"_links":{"self":[{"href":"https:\/\/laasuncion.gob.ec\/azuay\/wp-json\/wp\/v2\/pages\/3141","targetHints":{"allow":["GET"]}}],"collection":[{"href":"https:\/\/laasuncion.gob.ec\/azuay\/wp-json\/wp\/v2\/pages"}],"about":[{"href":"https:\/\/laasuncion.gob.ec\/azuay\/wp-json\/wp\/v2\/types\/page"}],"author":[{"embeddable":true,"href":"https:\/\/laasuncion.gob.ec\/azuay\/wp-json\/wp\/v2\/users\/10"}],"replies":[{"embeddable":true,"href":"https:\/\/laasuncion.gob.ec\/azuay\/wp-json\/wp\/v2\/comments?post=3141"}],"version-history":[{"count":37,"href":"https:\/\/laasuncion.gob.ec\/azuay\/wp-json\/wp\/v2\/pages\/3141\/revisions"}],"predecessor-version":[{"id":3252,"href":"https:\/\/laasuncion.gob.ec\/azuay\/wp-json\/wp\/v2\/pages\/3141\/revisions\/3252"}],"wp:attachment":[{"href":"https:\/\/laasuncion.gob.ec\/azuay\/wp-json\/wp\/v2\/media?parent=3141"}],"curies":[{"name":"wp","href":"https:\/\/api.w.org\/{rel}","templated":true}]}}