{"id":3622,"date":"2025-01-05T18:16:52","date_gmt":"2025-01-05T18:16:52","guid":{"rendered":"https:\/\/laasuncion.gob.ec\/azuay\/?page_id=3622"},"modified":"2026-02-02T13:27:44","modified_gmt":"2026-02-02T17:27:44","slug":"rendicion-de-cuentas-2025","status":"publish","type":"page","link":"https:\/\/laasuncion.gob.ec\/azuay\/rendicion-de-cuentas-2025\/","title":{"rendered":"Rendici\u00f3n de Cuentas 2025"},"content":{"rendered":"<p>Rendici\u00f3n de cuentas 2025- Informe Autoridades<\/p>\n<p>Sr. John Espinoza Ortega- Presidente del GAD Parroquial de La Asunci\u00f3n<\/p>\n<p><a href=\"https:\/\/laasuncion.gob.ec\/azuay\/wp-content\/uploads\/2026\/02\/SR-JOHN-ESPINOZA-RENDCION-DE-CUENTAS-2024.pptx\">SR JOHN ESPINOZA RENDCI\u00d3N DE CUENTAS 2024<\/a><\/p>\n<p data-pm-slice=\"1 1 []\">Sra. Carmen Machisca, Comisi\u00f3n de Producci\u00f3n y Medio Ambiente<\/p>\n<div style=\"width: 800px;\" class=\"wp-video\"><video class=\"wp-video-shortcode\" id=\"video-3622-1\" width=\"800\" height=\"450\" preload=\"metadata\" controls=\"controls\"><source type=\"video\/mp4\" src=\"https:\/\/laasuncion.gob.ec\/azuay\/wp-content\/uploads\/2026\/02\/Carmen-Machisaca.mp4?_=1\" \/><a href=\"https:\/\/laasuncion.gob.ec\/azuay\/wp-content\/uploads\/2026\/02\/Carmen-Machisaca.mp4\">https:\/\/laasuncion.gob.ec\/azuay\/wp-content\/uploads\/2026\/02\/Carmen-Machisaca.mp4<\/a><\/video><\/div>\n<p>&nbsp;<\/p>\n<p>Sr. Iban Cajamarca &#8211; Vocal de la comisi\u00f3n de Vialidad y Desarrollo Tur\u00edstico<\/p>\n<p>&nbsp;<\/p>\n<p>Sra. Roc\u00edo Bernal &#8211; Vocal de la comisi\u00f3n de Igualdad, g\u00e9nero y sociales.<\/p>\n<p><a href=\"https:\/\/laasuncion.gob.ec\/azuay\/wp-content\/uploads\/2026\/02\/SRA-ROCIO-BERNAL-Rendicion-2024.pptx\">SRA ROCIO BERNAL Rendicion 2024<\/a><\/p>\n<p>Sra. Juana Rodas &#8211;\u00a0 Vocal de la comisi\u00f3n de Planificaci\u00f3n, presupuesto e infraestructura.<\/p>\n<p><a href=\"https:\/\/laasuncion.gob.ec\/azuay\/wp-content\/uploads\/2026\/02\/Juana-Rodas.pptx\">Sra. Juana Rodas Rendicion 2024<\/a><\/p>\n","protected":false},"excerpt":{"rendered":"<p>Rendici\u00f3n de cuentas 2025- Informe Autoridades Sr. John Espinoza Ortega- Presidente del GAD Parroquial de La Asunci\u00f3n SR JOHN ESPINOZA<\/p>\n","protected":false},"author":10,"featured_media":0,"parent":0,"menu_order":0,"comment_status":"closed","ping_status":"closed","template":"","meta":{"footnotes":""},"class_list":["post-3622","page","type-page","status-publish","hentry"],"_links":{"self":[{"href":"https:\/\/laasuncion.gob.ec\/azuay\/wp-json\/wp\/v2\/pages\/3622","targetHints":{"allow":["GET"]}}],"collection":[{"href":"https:\/\/laasuncion.gob.ec\/azuay\/wp-json\/wp\/v2\/pages"}],"about":[{"href":"https:\/\/laasuncion.gob.ec\/azuay\/wp-json\/wp\/v2\/types\/page"}],"author":[{"embeddable":true,"href":"https:\/\/laasuncion.gob.ec\/azuay\/wp-json\/wp\/v2\/users\/10"}],"replies":[{"embeddable":true,"href":"https:\/\/laasuncion.gob.ec\/azuay\/wp-json\/wp\/v2\/comments?post=3622"}],"version-history":[{"count":3,"href":"https:\/\/laasuncion.gob.ec\/azuay\/wp-json\/wp\/v2\/pages\/3622\/revisions"}],"predecessor-version":[{"id":3808,"href":"https:\/\/laasuncion.gob.ec\/azuay\/wp-json\/wp\/v2\/pages\/3622\/revisions\/3808"}],"wp:attachment":[{"href":"https:\/\/laasuncion.gob.ec\/azuay\/wp-json\/wp\/v2\/media?parent=3622"}],"curies":[{"name":"wp","href":"https:\/\/api.w.org\/{rel}","templated":true}]}}